{"id":3735,"date":"2024-09-03T10:08:01","date_gmt":"2024-09-03T07:08:01","guid":{"rendered":"https:\/\/www.standandartbau.com\/?page_id=3735"},"modified":"2024-09-09T16:47:27","modified_gmt":"2024-09-09T13:47:27","slug":"destek","status":"publish","type":"page","link":"https:\/\/www.standandartbau.com\/es\/destek\/","title":{"rendered":"Soporte"},"content":{"rendered":"<div data-elementor-type=\"wp-page\" data-elementor-id=\"3735\" class=\"elementor elementor-3735\" data-elementor-post-type=\"page\">\n\t\t\t\t\t\t<section class=\"elementor-section elementor-top-section elementor-element elementor-element-e726d4e elementor-section-full_width xts-section-stretch-content elementor-section-height-default elementor-section-height-default\" data-id=\"e726d4e\" data-element_type=\"section\" data-e-type=\"section\" data-settings=\"{&quot;background_background&quot;:&quot;classic&quot;}\">\n\t\t\t\t\t\t<div class=\"elementor-container elementor-column-gap-wide\">\n\t\t\t\t\t<div class=\"elementor-column elementor-col-50 elementor-top-column elementor-element elementor-element-b1bf6f2\" data-id=\"b1bf6f2\" data-element_type=\"column\" data-e-type=\"column\" data-settings=\"{&quot;background_background&quot;:&quot;classic&quot;}\">\n\t\t\t<div class=\"elementor-widget-wrap elementor-element-populated\">\n\t\t\t\t\t\t<div class=\"elementor-element elementor-element-26e72ee elementor-widget__width-auto elementor-absolute elementor-widget elementor-widget-xts_image\" data-id=\"26e72ee\" data-element_type=\"widget\" data-e-type=\"widget\" data-settings=\"{&quot;_position&quot;:&quot;absolute&quot;}\" data-widget_type=\"xts_image.default\">\n\t\t\t\t<div class=\"elementor-widget-container\">\n\t\t\t\t\t\t\t\t<div class=\"xts-image-single xts-textalign-center\">\n\t\t\t\t<figure class=\"xts-image\">\n\t\t\t\t\t\t\t\t\t\t\t<div class=\"xts-image-inner\">\n\t\t\t\t\t\n\t\t\t\t\t\t<img fetchpriority=\"high\" decoding=\"async\" width=\"482\" height=\"482\" src=\"data:image\/png;base64,iVBORw0KGgoAAAANSUhEUgAAAAoAAAAKCAYAAACNMs+9AAAACXBIWXMAAA7EAAAOxAGVKw4bAAAAF0lEQVQYlWPU1rZgIAYwEaVqVCHVFAIA8+EAon0Fwu0AAAAASUVORK5CYII=\" class=\"attachment-full size-full wp-image-912 xts-lazy-load xts-lazy-fade\" alt=\"\" data-xts-src=\"https:\/\/www.standandartbau.com\/wp-content\/uploads\/2020\/05\/moon-dots-black-opacity-opt.png\" srcset=\"\" \/>\n\t\t\t\t\t\t\t\t\t\t\t<\/div>\n\t\t\t\t\t\n\t\t\t\t\t\t\t\t\t<\/figure>\n\n\t\t\t\t\t\t\t<\/div>\n\t\t\t\t\t\t<\/div>\n\t\t\t\t<\/div>\n\t\t\t\t<div class=\"elementor-element elementor-element-2d7df77 xts-width-100 elementor-widget elementor-widget-xts_title\" data-id=\"2d7df77\" data-element_type=\"widget\" data-e-type=\"widget\" data-widget_type=\"xts_title.default\">\n\t\t\t\t<div class=\"elementor-widget-container\">\n\t\t\t\t\t\t\t\t<div class=\"xts-section-heading xts-reset-mb-10 xts-reset-last xts-textalign-left\" data-animation-delay=\"\">\n\t\t\t\t\n\t\t\t\t\t\t\t\t\t<h4 class=\"xts-section-title title xts-design-default xts-fontsize-xl\">\n\t\t\t\t\t\t<span class=\"xts-section-title-text\" data-elementor-setting-key=\"title\">\n\t\t\t\t\t\t\tCont\u00e1ctenos\t\t\t\t\t\t<\/span>\n\n\t\t\t\t\t\t\t\t\t\t\t<\/h4>\n\t\t\t\t\n\t\t\t\t\n\t\t\t\t\t\t\t\t\t<div class=\"xts-section-desc\">\n\t\t\t\t\t\t<div class=\"xts-section-desc-text xts-reset-all-last\" data-elementor-setting-key=\"description\">\n\t\t\t\t\t\t\t<p>Puedes contactar con nosotros para todas tus peticiones, peticiones y opiniones...<\/p>\t\t\t\t\t\t<\/div>\n\t\t\t\t\t<\/div>\n\t\t\t\t\t\t\t<\/div>\n\t\t\t\t\t\t<\/div>\n\t\t\t\t<\/div>\n\t\t\t\t<section class=\"xts-negative-gap elementor-section elementor-inner-section elementor-element elementor-element-ab1a354 elementor-section-boxed elementor-section-height-default elementor-section-height-default xts-section-disabled\" data-id=\"ab1a354\" data-element_type=\"section\" data-e-type=\"section\">\n\t\t\t\t\t\t<div class=\"elementor-container elementor-column-gap-default\">\n\t\t\t\t\t<div class=\"elementor-column elementor-col-50 elementor-inner-column elementor-element elementor-element-cfc1989\" data-id=\"cfc1989\" data-element_type=\"column\" data-e-type=\"column\">\n\t\t\t<div class=\"elementor-widget-wrap elementor-element-populated\">\n\t\t\t\t\t\t<div class=\"elementor-element elementor-element-f3dd7f2 elementor-widget elementor-widget-xts_infobox\" data-id=\"f3dd7f2\" data-element_type=\"widget\" data-e-type=\"widget\" data-widget_type=\"xts_infobox.default\">\n\t\t\t\t<div class=\"elementor-widget-container\">\n\t\t\t\t\t\n\t\t<div class=\"xts-infobox xts-textalign-left xts-icon-top\" onclick=\"\">\n\t\t\t\n\t\t\t<div class=\"xts-box-content xts-reset-mb-10 xts-reset-all-last\">\n\t\t\t\t\n\t\t\t\t\t\t\t\t\t<h4 class=\"xts-box-title title xts-fontsize-m\" data-elementor-setting-key=\"title\">\n\t\t\t\t\t\tDIRECCI\u00d3N:\t\t\t\t\t<\/h4>\n\t\t\t\t\n\t\t\t\t\t\t\t\t\t<div class=\"xts-box-desc\" data-elementor-setting-key=\"description\">\n\t\t\t\t\t\tFerahevler Mahallesi Kaya Sokak No: 23 Kat 3 Sariyer \/ Istanbul Turkiye\t\t\t\t\t<\/div>\n\t\t\t\t\n\t\t\t\t\t\t\t<\/div>\n\n\t\t\t\t\t\t\t<div class=\"xts-box-overlay xts-fill\"><\/div>\n\t\t\t\t\t<\/div>\n\n\t\t\t\t\t\t<\/div>\n\t\t\t\t<\/div>\n\t\t\t\t<div class=\"elementor-element elementor-element-7eeb8c8 elementor-widget elementor-widget-xts_infobox\" data-id=\"7eeb8c8\" data-element_type=\"widget\" data-e-type=\"widget\" data-widget_type=\"xts_infobox.default\">\n\t\t\t\t<div class=\"elementor-widget-container\">\n\t\t\t\t\t\n\t\t<div class=\"xts-infobox xts-textalign-left xts-icon-top\" onclick=\"\">\n\t\t\t\n\t\t\t<div class=\"xts-box-content xts-reset-mb-10 xts-reset-all-last\">\n\t\t\t\t\n\t\t\t\t\t\t\t\t\t<h4 class=\"xts-box-title title xts-fontsize-m\" data-elementor-setting-key=\"title\">\n\t\t\t\t\t\tTel\u00e9fono:\t\t\t\t\t<\/h4>\n\t\t\t\t\n\t\t\t\t\t\t\t\t\t<div class=\"xts-box-desc\" data-elementor-setting-key=\"description\">\n\t\t\t\t\t\t+90 543 303 85 39 <br>\n+49 178 4123147\t\t\t\t\t<\/div>\n\t\t\t\t\n\t\t\t\t\t\t\t<\/div>\n\n\t\t\t\t\t\t\t<div class=\"xts-box-overlay xts-fill\"><\/div>\n\t\t\t\t\t<\/div>\n\n\t\t\t\t\t\t<\/div>\n\t\t\t\t<\/div>\n\t\t\t\t\t<\/div>\n\t\t<\/div>\n\t\t\t\t<div class=\"elementor-column elementor-col-50 elementor-inner-column elementor-element elementor-element-e6af9ad\" data-id=\"e6af9ad\" data-element_type=\"column\" data-e-type=\"column\">\n\t\t\t<div class=\"elementor-widget-wrap elementor-element-populated\">\n\t\t\t\t\t\t<div class=\"elementor-element elementor-element-43de61b elementor-widget elementor-widget-xts_infobox\" data-id=\"43de61b\" data-element_type=\"widget\" data-e-type=\"widget\" data-widget_type=\"xts_infobox.default\">\n\t\t\t\t<div class=\"elementor-widget-container\">\n\t\t\t\t\t\n\t\t<div class=\"xts-infobox xts-textalign-left xts-icon-top\" onclick=\"\">\n\t\t\t\n\t\t\t<div class=\"xts-box-content xts-reset-mb-10 xts-reset-all-last\">\n\t\t\t\t\n\t\t\t\t\t\t\t\t\t<h4 class=\"xts-box-title title xts-fontsize-m\" data-elementor-setting-key=\"title\">\n\t\t\t\t\t\tCorreo electr\u00f3nico:\t\t\t\t\t<\/h4>\n\t\t\t\t\n\t\t\t\t\t\t\t\t\t<div class=\"xts-box-desc\" data-elementor-setting-key=\"description\">\n\t\t\t\t\t\tinfo@standandartbau.com\t\t\t\t\t<\/div>\n\t\t\t\t\n\t\t\t\t\t\t\t<\/div>\n\n\t\t\t\t\t\t\t<div class=\"xts-box-overlay xts-fill\"><\/div>\n\t\t\t\t\t<\/div>\n\n\t\t\t\t\t\t<\/div>\n\t\t\t\t<\/div>\n\t\t\t\t<div class=\"elementor-element elementor-element-5d9543f xts-width-100 elementor-widget elementor-widget-xts_title\" data-id=\"5d9543f\" data-element_type=\"widget\" data-e-type=\"widget\" data-widget_type=\"xts_title.default\">\n\t\t\t\t<div class=\"elementor-widget-container\">\n\t\t\t\t\t\t\t\t<div class=\"xts-section-heading xts-reset-mb-10 xts-reset-last xts-textalign-left\" data-animation-delay=\"\">\n\t\t\t\t\n\t\t\t\t\t\t\t\t\t<h4 class=\"xts-section-title title xts-design-default xts-fontsize-m\">\n\t\t\t\t\t\t<span class=\"xts-section-title-text\" data-elementor-setting-key=\"title\">\n\t\t\t\t\t\t\tRedes sociales:\t\t\t\t\t\t<\/span>\n\n\t\t\t\t\t\t\t\t\t\t\t<\/h4>\n\t\t\t\t\n\t\t\t\t\n\t\t\t\t\t\t\t<\/div>\n\t\t\t\t\t\t<\/div>\n\t\t\t\t<\/div>\n\t\t\t\t<div class=\"elementor-element elementor-element-f958c9c elementor-widget elementor-widget-xts_social_buttons\" data-id=\"f958c9c\" data-element_type=\"widget\" data-e-type=\"widget\" data-widget_type=\"xts_social_buttons.default\">\n\t\t\t\t<div class=\"elementor-widget-container\">\n\t\t\t\t\t\n\t\t<div class=\"xts-social-buttons-wrapper xts-textalign-left\">\n\n\t\t\t\n\t\t\t<div class=\"xts-social-buttons xts-social-icons xts-type-share xts-style-default xts-size-s\">\n\n\t\t\t\t\n\t\t\t\t\n\t\t\t\t\t\t\t\t\t<a data-elementor-open-lightbox=\"no\"  target=\"_blank\" class=\"xts-social-email\" href=\"mailto:?subject=Check this https:\/\/www.standandartbau.com\/es\/destek\/\">\n\t\t\t\t\t\t<i class=\"xts-i-email\"><\/i>\n\t\t\t\t\t\t\t\t\t\t\t<\/a>\n\t\t\t\t\n\t\t\t\t\t\t\t\t\t<a data-elementor-open-lightbox=\"no\"  target=\"_blank\" class=\"xts-social-facebook\" href=\"https:\/\/www.facebook.com\/sharer\/sharer.php?u=https:\/\/www.standandartbau.com\/es\/destek\/\">\n\t\t\t\t\t\t<i class=\"xts-i-facebook\"><\/i>\n\t\t\t\t\t\t\t\t\t\t\t<\/a>\n\t\t\t\t\n\t\t\t\t\n\t\t\t\t\n\t\t\t\t\n\t\t\t\t\n\t\t\t\t\n\t\t\t\t\n\t\t\t\t\n\t\t\t\t\n\t\t\t\t\n\t\t\t\t\n\t\t\t\t\n\t\t\t\t\n\t\t\t\t\n\t\t\t\t\n\t\t\t\t\t\t\t\t\t<a data-elementor-open-lightbox=\"no\"  target=\"_blank\" class=\"xts-social-whatsapp xts-hide-md\" href=\"https:\/\/api.whatsapp.com\/send?text=https%3A%2F%2Fwww.standandartbau.com%2Fes%2Fdestek%2F\">\n\t\t\t\t\t\t<i class=\"xts-i-whatsapp\"><\/i>\n\t\t\t\t\t\t\t\t\t\t\t<\/a>\n\n\t\t\t\t\t<a data-elementor-open-lightbox=\"no\"  target=\"_blank\" class=\"xts-social-whatsapp xts-hide-lg\" href=\"whatsapp:\/\/send?text=https:\/\/www.standandartbau.com\/es\/destek\/\">\n\t\t\t\t\t\t<i class=\"xts-i-whatsapp\"><\/i>\n\t\t\t\t\t\t\t\t\t\t\t<\/a>\n\t\t\t\t\n\t\t\t\t\n\t\t\t\t\n\t\t\t\t\n\t\t\t<\/div>\n\n\t\t<\/div>\n\t\t\t\t\t\t<\/div>\n\t\t\t\t<\/div>\n\t\t\t\t\t<\/div>\n\t\t<\/div>\n\t\t\t\t\t<\/div>\n\t\t<\/section>\n\t\t\t\t\t<\/div>\n\t\t<\/div>\n\t\t\t\t<div class=\"elementor-column elementor-col-50 elementor-top-column elementor-element elementor-element-a0e4960\" data-id=\"a0e4960\" data-element_type=\"column\" data-e-type=\"column\">\n\t\t\t<div class=\"elementor-widget-wrap elementor-element-populated\">\n\t\t\t\t\t\t<div class=\"elementor-element elementor-element-c529073 xts-width-100 elementor-widget elementor-widget-xts_title\" data-id=\"c529073\" data-element_type=\"widget\" data-e-type=\"widget\" data-widget_type=\"xts_title.default\">\n\t\t\t\t<div class=\"elementor-widget-container\">\n\t\t\t\t\t\t\t\t<div class=\"xts-section-heading xts-reset-mb-10 xts-reset-last xts-textalign-left\" data-animation-delay=\"\">\n\t\t\t\t\n\t\t\t\t\t\t\t\t\t<h4 class=\"xts-section-title title xts-design-default xts-fontsize-xl\">\n\t\t\t\t\t\t<span class=\"xts-section-title-text\" data-elementor-setting-key=\"title\">\n\t\t\t\t\t\t\tEscr\u00edbenos\t\t\t\t\t\t<\/span>\n\n\t\t\t\t\t\t\t\t\t\t\t<\/h4>\n\t\t\t\t\n\t\t\t\t\n\t\t\t\t\t\t\t<\/div>\n\t\t\t\t\t\t<\/div>\n\t\t\t\t<\/div>\n\t\t\t\t<div class=\"elementor-element elementor-element-0a7ac0d elementor-widget elementor-widget-xts_contact_form_7\" data-id=\"0a7ac0d\" data-element_type=\"widget\" data-e-type=\"widget\" data-widget_type=\"xts_contact_form_7.default\">\n\t\t\t\t<div class=\"elementor-widget-container\">\n\t\t\t\t\t\n<div class=\"wpcf7 no-js\" id=\"wpcf7-f286-o1\" lang=\"en-US\" dir=\"ltr\" data-wpcf7-id=\"286\">\n<div class=\"screen-reader-response\"><p role=\"status\" aria-live=\"polite\" aria-atomic=\"true\"><\/p> <ul><\/ul><\/div>\n<form action=\"\/es\/wp-json\/wp\/v2\/pages\/3735#wpcf7-f286-o1\" method=\"post\" class=\"wpcf7-form init\" aria-label=\"Contact form\" novalidate=\"novalidate\" data-status=\"init\" data-trp-original-action=\"\/es\/wp-json\/wp\/v2\/pages\/3735#wpcf7-f286-o1\">\n<fieldset class=\"hidden-fields-container\"><input type=\"hidden\" name=\"_wpcf7\" value=\"286\" \/><input type=\"hidden\" name=\"_wpcf7_version\" value=\"6.1.5\" \/><input type=\"hidden\" name=\"_wpcf7_locale\" value=\"en_US\" \/><input type=\"hidden\" name=\"_wpcf7_unit_tag\" value=\"wpcf7-f286-o1\" \/><input type=\"hidden\" name=\"_wpcf7_container_post\" value=\"0\" \/><input type=\"hidden\" name=\"_wpcf7_posted_data_hash\" value=\"\" \/>\n<\/fieldset>\n<div class=\"row row-spacing-20 row-spacing-bottom-20\">\n\t<p class=\"col-md-6\"><br \/>\n<span class=\"wpcf7-form-control-wrap\" data-name=\"adiniz\"><input size=\"40\" maxlength=\"400\" class=\"wpcf7-form-control wpcf7-text wpcf7-validates-as-required\" aria-required=\"true\" aria-invalid=\"false\" placeholder=\"Su nombre\" value=\"\" type=\"text\" name=\"adiniz\" \/><\/span>\n\t<\/p>\n\t<p class=\"col-md-6\"><br \/>\n<span class=\"wpcf7-form-control-wrap\" data-name=\"soyadiniz\"><input size=\"40\" maxlength=\"400\" class=\"wpcf7-form-control wpcf7-text wpcf7-validates-as-required\" aria-required=\"true\" aria-invalid=\"false\" placeholder=\"tu apellido\" value=\"\" type=\"text\" name=\"soyadiniz\" \/><\/span>\n\t<\/p>\n\t<p class=\"col-md-6\"><br \/>\n<span class=\"wpcf7-form-control-wrap\" data-name=\"telefon\"><input size=\"40\" maxlength=\"400\" class=\"wpcf7-form-control wpcf7-text wpcf7-validates-as-required\" aria-required=\"true\" aria-invalid=\"false\" placeholder=\"N\u00famero de tel\u00e9fono\" value=\"\" type=\"text\" name=\"telefon\" \/><\/span>\n\t<\/p>\n\t<p class=\"col-md-6\"><br \/>\n<span class=\"wpcf7-form-control-wrap\" data-name=\"email\"><input size=\"40\" maxlength=\"400\" class=\"wpcf7-form-control wpcf7-email wpcf7-validates-as-required wpcf7-text wpcf7-validates-as-email\" aria-required=\"true\" aria-invalid=\"false\" placeholder=\"Direcci\u00f3n de correo electr\u00f3nico\" value=\"\" type=\"email\" name=\"email\" \/><\/span>\n\t<\/p>\n\t<p class=\"col-md-12\"><br \/>\n<span class=\"wpcf7-form-control-wrap\" data-name=\"mesaj\"><textarea cols=\"40\" rows=\"10\" maxlength=\"2000\" class=\"wpcf7-form-control wpcf7-textarea\" aria-invalid=\"false\" placeholder=\"Escribe tu mensaje...\" name=\"mesaj\"><\/textarea><\/span>\n\t<\/p>\n\t<p class=\"col-md-auto\"><br \/>\n<input class=\"wpcf7-form-control wpcf7-submit has-spinner\" type=\"submit\" value=\"Enviar\" \/>\n\t<\/p>\n<\/div><div class=\"wpcf7-response-output\" aria-hidden=\"true\"><\/div>\n<input type=\"hidden\" name=\"trp-form-language\" value=\"es\"\/><\/form>\n<\/div>\n\t\t\t\t<\/div>\n\t\t\t\t<\/div>\n\t\t\t\t\t<\/div>\n\t\t<\/div>\n\t\t\t\t\t<\/div>\n\t\t<\/section>\n\t\t\t\t<\/div>","protected":false},"excerpt":{"rendered":"<p>Bize Ula\u015f\u0131n Her t\u00fcrl\u00fc istek, talep ve g\u00f6r\u00fc\u015fleriniz i\u00e7in bize ula\u015fabilirsiniz&#8230; Adres: Mecidiye Caddesi Kaya Sokak No: 23 Kat 3 Sar\u0131yer \/ \u0130STANBUL Telefon: +90 543 303 85 39 +49 178 4123147 E-posta: info@standandartbau.com Sosyal Medya: Bize Yaz\u0131n<\/p>","protected":false},"author":5,"featured_media":0,"parent":0,"menu_order":0,"comment_status":"closed","ping_status":"closed","template":"","meta":{"footnotes":""},"class_list":["post-3735","page","type-page","status-publish","hentry"],"yoast_head":"<!-- This site is optimized with the Yoast SEO plugin v27.4 - https:\/\/yoast.com\/product\/yoast-seo-wordpress\/ -->\n<title>Destek - Stand &amp; Art Bau<\/title>\n<meta name=\"robots\" content=\"index, follow, max-snippet:-1, max-image-preview:large, max-video-preview:-1\" \/>\n<link rel=\"canonical\" href=\"https:\/\/www.standandartbau.com\/es\/destek\/\" \/>\n<meta property=\"og:locale\" content=\"es_ES\" \/>\n<meta property=\"og:type\" content=\"article\" \/>\n<meta property=\"og:title\" content=\"Destek - Stand &amp; Art Bau\" \/>\n<meta property=\"og:description\" content=\"Bize Ula\u015f\u0131n Her t\u00fcrl\u00fc istek, talep ve g\u00f6r\u00fc\u015fleriniz i\u00e7in bize ula\u015fabilirsiniz&#8230; Adres: Mecidiye Caddesi Kaya Sokak No: 23 Kat 3 Sar\u0131yer \/ \u0130STANBUL Telefon: +90 543 303 85 39 +49 178 4123147 E-posta: info@standandartbau.com Sosyal Medya: Bize Yaz\u0131n\" \/>\n<meta property=\"og:url\" content=\"https:\/\/www.standandartbau.com\/es\/destek\/\" \/>\n<meta property=\"og:site_name\" content=\"Stand &amp; Art Bau\" \/>\n<meta property=\"article:modified_time\" content=\"2024-09-09T13:47:27+00:00\" \/>\n<meta property=\"og:image\" content=\"https:\/\/www.standandartbau.com\/wp-content\/uploads\/2020\/05\/moon-dots-black-opacity-opt.png\" \/>\n<meta name=\"twitter:card\" content=\"summary_large_image\" \/>\n<meta name=\"twitter:label1\" content=\"Tiempo de lectura\" \/>\n\t<meta name=\"twitter:data1\" content=\"1 minuto\" \/>\n<script type=\"application\/ld+json\" class=\"yoast-schema-graph\">{\"@context\":\"https:\\\/\\\/schema.org\",\"@graph\":[{\"@type\":\"WebPage\",\"@id\":\"https:\\\/\\\/www.standandartbau.com\\\/destek\\\/\",\"url\":\"https:\\\/\\\/www.standandartbau.com\\\/destek\\\/\",\"name\":\"Destek - Stand &amp; Art Bau\",\"isPartOf\":{\"@id\":\"https:\\\/\\\/www.standandartbau.com\\\/#website\"},\"primaryImageOfPage\":{\"@id\":\"https:\\\/\\\/www.standandartbau.com\\\/destek\\\/#primaryimage\"},\"image\":{\"@id\":\"https:\\\/\\\/www.standandartbau.com\\\/destek\\\/#primaryimage\"},\"thumbnailUrl\":\"https:\\\/\\\/www.standandartbau.com\\\/wp-content\\\/uploads\\\/2020\\\/05\\\/moon-dots-black-opacity-opt.png\",\"datePublished\":\"2024-09-03T07:08:01+00:00\",\"dateModified\":\"2024-09-09T13:47:27+00:00\",\"breadcrumb\":{\"@id\":\"https:\\\/\\\/www.standandartbau.com\\\/destek\\\/#breadcrumb\"},\"inLanguage\":\"es\",\"potentialAction\":[{\"@type\":\"ReadAction\",\"target\":[\"https:\\\/\\\/www.standandartbau.com\\\/destek\\\/\"]}]},{\"@type\":\"ImageObject\",\"inLanguage\":\"es\",\"@id\":\"https:\\\/\\\/www.standandartbau.com\\\/destek\\\/#primaryimage\",\"url\":\"https:\\\/\\\/www.standandartbau.com\\\/wp-content\\\/uploads\\\/2020\\\/05\\\/moon-dots-black-opacity-opt.png\",\"contentUrl\":\"https:\\\/\\\/www.standandartbau.com\\\/wp-content\\\/uploads\\\/2020\\\/05\\\/moon-dots-black-opacity-opt.png\"},{\"@type\":\"BreadcrumbList\",\"@id\":\"https:\\\/\\\/www.standandartbau.com\\\/destek\\\/#breadcrumb\",\"itemListElement\":[{\"@type\":\"ListItem\",\"position\":1,\"name\":\"Home\",\"item\":\"https:\\\/\\\/www.standandartbau.com\\\/\"},{\"@type\":\"ListItem\",\"position\":2,\"name\":\"Destek\"}]},{\"@type\":\"WebSite\",\"@id\":\"https:\\\/\\\/www.standandartbau.com\\\/#website\",\"url\":\"https:\\\/\\\/www.standandartbau.com\\\/\",\"name\":\"Stand &amp; Art Bau\",\"description\":\"Stand, Outdoor Stand, Wooden Stand, Modular Stand, Hybrid Stand\",\"potentialAction\":[{\"@type\":\"SearchAction\",\"target\":{\"@type\":\"EntryPoint\",\"urlTemplate\":\"https:\\\/\\\/www.standandartbau.com\\\/?s={search_term_string}\"},\"query-input\":{\"@type\":\"PropertyValueSpecification\",\"valueRequired\":true,\"valueName\":\"search_term_string\"}}],\"inLanguage\":\"es\"}]}<\/script>\n<!-- \/ Yoast SEO plugin. -->","yoast_head_json":{"title":"Destek - Stand &amp; Art Bau","robots":{"index":"index","follow":"follow","max-snippet":"max-snippet:-1","max-image-preview":"max-image-preview:large","max-video-preview":"max-video-preview:-1"},"canonical":"https:\/\/www.standandartbau.com\/es\/destek\/","og_locale":"es_ES","og_type":"article","og_title":"Destek - Stand &amp; Art Bau","og_description":"Bize Ula\u015f\u0131n Her t\u00fcrl\u00fc istek, talep ve g\u00f6r\u00fc\u015fleriniz i\u00e7in bize ula\u015fabilirsiniz&#8230; Adres: Mecidiye Caddesi Kaya Sokak No: 23 Kat 3 Sar\u0131yer \/ \u0130STANBUL Telefon: +90 543 303 85 39 +49 178 4123147 E-posta: info@standandartbau.com Sosyal Medya: Bize Yaz\u0131n","og_url":"https:\/\/www.standandartbau.com\/es\/destek\/","og_site_name":"Stand &amp; Art Bau","article_modified_time":"2024-09-09T13:47:27+00:00","og_image":[{"url":"https:\/\/www.standandartbau.com\/wp-content\/uploads\/2020\/05\/moon-dots-black-opacity-opt.png","type":"","width":"","height":""}],"twitter_card":"summary_large_image","twitter_misc":{"Tiempo de lectura":"1 minuto"},"schema":{"@context":"https:\/\/schema.org","@graph":[{"@type":"WebPage","@id":"https:\/\/www.standandartbau.com\/destek\/","url":"https:\/\/www.standandartbau.com\/destek\/","name":"Destek - Stand &amp; Art Bau","isPartOf":{"@id":"https:\/\/www.standandartbau.com\/#website"},"primaryImageOfPage":{"@id":"https:\/\/www.standandartbau.com\/destek\/#primaryimage"},"image":{"@id":"https:\/\/www.standandartbau.com\/destek\/#primaryimage"},"thumbnailUrl":"https:\/\/www.standandartbau.com\/wp-content\/uploads\/2020\/05\/moon-dots-black-opacity-opt.png","datePublished":"2024-09-03T07:08:01+00:00","dateModified":"2024-09-09T13:47:27+00:00","breadcrumb":{"@id":"https:\/\/www.standandartbau.com\/destek\/#breadcrumb"},"inLanguage":"es","potentialAction":[{"@type":"ReadAction","target":["https:\/\/www.standandartbau.com\/destek\/"]}]},{"@type":"ImageObject","inLanguage":"es","@id":"https:\/\/www.standandartbau.com\/destek\/#primaryimage","url":"https:\/\/www.standandartbau.com\/wp-content\/uploads\/2020\/05\/moon-dots-black-opacity-opt.png","contentUrl":"https:\/\/www.standandartbau.com\/wp-content\/uploads\/2020\/05\/moon-dots-black-opacity-opt.png"},{"@type":"BreadcrumbList","@id":"https:\/\/www.standandartbau.com\/destek\/#breadcrumb","itemListElement":[{"@type":"ListItem","position":1,"name":"Home","item":"https:\/\/www.standandartbau.com\/"},{"@type":"ListItem","position":2,"name":"Destek"}]},{"@type":"WebSite","@id":"https:\/\/www.standandartbau.com\/#website","url":"https:\/\/www.standandartbau.com\/","name":"Stand y arte Bau","description":"Stand, Outdoor Stand, Wooden Stand, Modular Stand, Hybrid Stand","potentialAction":[{"@type":"SearchAction","target":{"@type":"EntryPoint","urlTemplate":"https:\/\/www.standandartbau.com\/?s={search_term_string}"},"query-input":{"@type":"PropertyValueSpecification","valueRequired":true,"valueName":"search_term_string"}}],"inLanguage":"es"}]}},"_links":{"self":[{"href":"https:\/\/www.standandartbau.com\/es\/wp-json\/wp\/v2\/pages\/3735","targetHints":{"allow":["GET"]}}],"collection":[{"href":"https:\/\/www.standandartbau.com\/es\/wp-json\/wp\/v2\/pages"}],"about":[{"href":"https:\/\/www.standandartbau.com\/es\/wp-json\/wp\/v2\/types\/page"}],"author":[{"embeddable":true,"href":"https:\/\/www.standandartbau.com\/es\/wp-json\/wp\/v2\/users\/5"}],"replies":[{"embeddable":true,"href":"https:\/\/www.standandartbau.com\/es\/wp-json\/wp\/v2\/comments?post=3735"}],"version-history":[{"count":7,"href":"https:\/\/www.standandartbau.com\/es\/wp-json\/wp\/v2\/pages\/3735\/revisions"}],"predecessor-version":[{"id":4392,"href":"https:\/\/www.standandartbau.com\/es\/wp-json\/wp\/v2\/pages\/3735\/revisions\/4392"}],"wp:attachment":[{"href":"https:\/\/www.standandartbau.com\/es\/wp-json\/wp\/v2\/media?parent=3735"}],"curies":[{"name":"wp","href":"https:\/\/api.w.org\/{rel}","templated":true}]}}