{"id":18,"date":"2019-07-04T13:58:14","date_gmt":"2019-07-04T10:58:14","guid":{"rendered":"http:\/\/space.xtemos.com\/demo\/moon\/?page_id=18"},"modified":"2026-01-14T10:15:34","modified_gmt":"2026-01-14T07:15:34","slug":"hakkimizda","status":"publish","type":"page","link":"https:\/\/www.standandartbau.com\/es\/hakkimizda\/","title":{"rendered":"Sobre nosotros"},"content":{"rendered":"<div data-elementor-type=\"wp-page\" data-elementor-id=\"18\" class=\"elementor elementor-18\" data-elementor-post-type=\"page\">\n\t\t\t\t\t\t<section class=\"xts-negative-gap elementor-section elementor-top-section elementor-element elementor-element-3039c77 elementor-section-full_width xts-section-stretch-content elementor-section-height-default elementor-section-height-default\" data-id=\"3039c77\" data-element_type=\"section\" data-e-type=\"section\">\n\t\t\t\t\t\t<div class=\"elementor-container elementor-column-gap-wide\">\n\t\t\t\t\t<div class=\"elementor-column elementor-col-50 elementor-top-column elementor-element elementor-element-6917f82\" data-id=\"6917f82\" data-element_type=\"column\" data-e-type=\"column\">\n\t\t\t<div class=\"elementor-widget-wrap elementor-element-populated\">\n\t\t\t\t\t\t<div class=\"elementor-element elementor-element-f71cad6 elementor-widget elementor-widget-xts_image\" data-id=\"f71cad6\" data-element_type=\"widget\" data-e-type=\"widget\" data-widget_type=\"xts_image.default\">\n\t\t\t\t<div class=\"elementor-widget-container\">\n\t\t\t\t\t\t\t\t<div class=\"xts-image-single xts-textalign-center\">\n\t\t\t\t<figure class=\"xts-image\">\n\t\t\t\t\t\t\t\t\t\t\t<div class=\"xts-image-inner\">\n\t\t\t\t\t\n\t\t\t\t\t\t<img fetchpriority=\"high\" decoding=\"async\" width=\"2237\" height=\"857\" src=\"data:image\/png;base64,iVBORw0KGgoAAAANSUhEUgAAABsAAAAKCAYAAABFXiVrAAAACXBIWXMAAA7EAAAOxAGVKw4bAAABxklEQVQ4jbWRwUsUcRTHP\/Nz3F0H14XYhp1dd6mjCcuYHYo2YYOGFKLLloXYzhw6CQVBl07hH9BJIioaL0LeOkRXkSRw8ZIQRFhImdIiuo2zk63T1sHfhqcgcL+X9+P9eO\/zfe+BlGvohafHc18eXBqZpU1SXUMXwJ1ILnd3O5\/Xfv3cbRcLVWQys4rnlcK+vtWwvrMUz5s32wZrjl77FC5V6Hy7rCaq33qYm7dcQ3\/hbFRDAMe2TwMRoAYEQBrYBT7L3El3evqNY9sm4APdQA54BVwElmV9b4eVNS6EQulvHE2uaMXz0eb2VkEJgnuXtZh2fSD\/7uOR5C0gC2SAInBfGj0h4ZMDpjkDTAH9gAkkgEXgJdAJDAFlBeDRw6nuxuv5GyIWu\/27VhPxta8pYaRre8Mj5YXFigqsAyqgSeeBnCwALOC5bCgAT+Y\/ACVgRZrrVQ7u9Fk2bYqurjnl3FCkrgovcaZQHLOd961\/19BTErYpowZsydiUEB1YA5JAw9morrfqlQONrop4\/AmWhe9994lFRyceuwv\/Ovj\/Svx9RKMzwanBpr\/jrXakUmcPGwT7d2jBNus\/gsqx4StjpfGyf9gggD\/nBoln5dwAUAAAAABJRU5ErkJggg==\" class=\"attachment-full size-full wp-image-4908 xts-lazy-load xts-lazy-fade\" alt=\"Stand and Art BAU\" srcset=\"\" sizes=\"(max-width: 2237px) 100vw, 2237px\" data-xts-src=\"https:\/\/www.standandartbau.com\/wp-content\/uploads\/standandartbau-logo.png\" data-srcset=\"https:\/\/www.standandartbau.com\/wp-content\/uploads\/standandartbau-logo.png 2237w, https:\/\/www.standandartbau.com\/wp-content\/uploads\/standandartbau-logo-520x199.png 520w, https:\/\/www.standandartbau.com\/wp-content\/uploads\/standandartbau-logo-1024x392.png 1024w, https:\/\/www.standandartbau.com\/wp-content\/uploads\/standandartbau-logo-768x294.png 768w, https:\/\/www.standandartbau.com\/wp-content\/uploads\/standandartbau-logo-1536x588.png 1536w, https:\/\/www.standandartbau.com\/wp-content\/uploads\/standandartbau-logo-2048x785.png 2048w, https:\/\/www.standandartbau.com\/wp-content\/uploads\/standandartbau-logo-18x7.png 18w\" \/>\n\t\t\t\t\t\t\t\t\t\t\t<\/div>\n\t\t\t\t\t\n\t\t\t\t\t\t\t\t\t<\/figure>\n\n\t\t\t\t\t\t\t<\/div>\n\t\t\t\t\t\t<\/div>\n\t\t\t\t<\/div>\n\t\t\t\t\t<\/div>\n\t\t<\/div>\n\t\t\t\t<div class=\"elementor-column elementor-col-50 elementor-top-column elementor-element elementor-element-e2d5413\" data-id=\"e2d5413\" data-element_type=\"column\" data-e-type=\"column\">\n\t\t\t<div class=\"elementor-widget-wrap elementor-element-populated\">\n\t\t\t\t\t\t<div class=\"elementor-element elementor-element-e9914fe xts-width-100 elementor-widget elementor-widget-xts_title\" data-id=\"e9914fe\" data-element_type=\"widget\" data-e-type=\"widget\" data-widget_type=\"xts_title.default\">\n\t\t\t\t<div class=\"elementor-widget-container\">\n\t\t\t\t\t\t\t\t<div class=\"xts-section-heading xts-reset-mb-10 xts-reset-last xts-textalign-left\" data-animation-delay=\"\">\n\t\t\t\t\n\t\t\t\t\t\t\t\t\t<h4 class=\"xts-section-title title xts-design-default xts-fontsize-xl\">\n\t\t\t\t\t\t<span class=\"xts-section-title-text\" data-elementor-setting-key=\"title\">\n\t\t\t\t\t\t\tSobre nosotros\t\t\t\t\t\t<\/span>\n\n\t\t\t\t\t\t\t\t\t\t\t<\/h4>\n\t\t\t\t\n\t\t\t\t\n\t\t\t\t\t\t\t\t\t<div class=\"xts-section-desc\">\n\t\t\t\t\t\t<div class=\"xts-section-desc-text xts-reset-all-last\" data-elementor-setting-key=\"description\">\n\t\t\t\t\t\t\t<p>Stand &amp; Art Bau, stand yap\u0131m\u0131nda \u00f6nde gelen isimlerden biridir ve d\u00fcnya \u00e7ap\u0131nda y\u00fczlerce memnun m\u00fc\u015fteri taraf\u0131ndan g\u00fcvenilmektedir. Yarat\u0131c\u0131 tasar\u0131m\u0131n\u0131 y\u00fcksek kaliteli \u00fcretimle birle\u015ftirerek vizyonunuzu hayata ge\u00e7iriyoruz.<\/p><p>Uzman ekibimiz, ilk ad\u0131mdan itibaren sizinle yak\u0131n i\u015fbirli\u011fi i\u00e7inde \u00e7al\u0131\u015f\u0131r; ihtiya\u00e7lar\u0131n\u0131z\u0131, hedeflerinizi ve stand\u0131n\u0131z\u0131n anlatmas\u0131n\u0131 istedi\u011finiz hikayeyi anlar. Her ayr\u0131nt\u0131 \u00f6zenle planlan\u0131r ve uygulan\u0131r, b\u00f6ylece fuar ba\u015flamadan \u00f6nce stand\u0131n\u0131z, son renderlarda onayland\u0131\u011f\u0131 \u015fekilde anahtar teslimi olarak teslim edilir.<\/p><p>Yarat\u0131c\u0131 s\u0131n\u0131rlar\u0131 zorlamaya, zorluklar\u0131 \u00e7\u00f6zmeye ve g\u00fcvenilir, stressiz \u00e7\u00f6z\u00fcmler sunmaya tutkuyla ba\u011fl\u0131y\u0131z. Sizi dinleyen, anlayan ve kaliteden \u00f6d\u00fcn vermeyen bir i\u015f orta\u011f\u0131 ar\u0131yorsan\u0131z, size destek olmaktan memnuniyet duyar\u0131z.<\/p><p>Fikirlerinizi unutulmaz bir stand deneyimine d\u00f6n\u00fc\u015ft\u00fcrelim \u2014 ba\u015flamak i\u00e7in tek bir \u201cmerhaba\u201d yeterlidir.<\/p>\t\t\t\t\t\t<\/div>\n\t\t\t\t\t<\/div>\n\t\t\t\t\t\t\t<\/div>\n\t\t\t\t\t\t<\/div>\n\t\t\t\t<\/div>\n\t\t\t\t\t<\/div>\n\t\t<\/div>\n\t\t\t\t\t<\/div>\n\t\t<\/section>\n\t\t\t\t<section class=\"xts-negative-gap elementor-section elementor-top-section elementor-element elementor-element-06971e8 elementor-section-boxed elementor-section-height-default elementor-section-height-default xts-section-disabled\" data-id=\"06971e8\" data-element_type=\"section\" data-e-type=\"section\">\n\t\t\t\t\t\t<div class=\"elementor-container elementor-column-gap-default\">\n\t\t\t\t\t<div class=\"elementor-column elementor-col-16 elementor-top-column elementor-element elementor-element-ac1ca6f\" data-id=\"ac1ca6f\" data-element_type=\"column\" data-e-type=\"column\">\n\t\t\t<div class=\"elementor-widget-wrap\">\n\t\t\t\t\t\t\t<\/div>\n\t\t<\/div>\n\t\t\t\t<div class=\"elementor-column elementor-col-66 elementor-top-column elementor-element elementor-element-437ba55\" data-id=\"437ba55\" data-element_type=\"column\" data-e-type=\"column\">\n\t\t\t<div class=\"elementor-widget-wrap elementor-element-populated\">\n\t\t\t\t\t\t<div class=\"elementor-element elementor-element-7b4eab0 xts-width-100 elementor-widget elementor-widget-xts_title\" data-id=\"7b4eab0\" data-element_type=\"widget\" data-e-type=\"widget\" data-widget_type=\"xts_title.default\">\n\t\t\t\t<div class=\"elementor-widget-container\">\n\t\t\t\t\t\t\t\t<div class=\"xts-section-heading xts-reset-mb-10 xts-reset-last xts-textalign-center\" data-animation-delay=\"\">\n\t\t\t\t\n\t\t\t\t\t\t\t\t\t<h4 class=\"xts-section-title title xts-design-default xts-fontsize-xl\">\n\t\t\t\t\t\t<span class=\"xts-section-title-text\" data-elementor-setting-key=\"title\">\n\t\t\t\t\t\t\t\u00bfPor qu\u00e9 deber\u00eda elegirnos?\t\t\t\t\t\t<\/span>\n\n\t\t\t\t\t\t\t\t\t\t\t<\/h4>\n\t\t\t\t\n\t\t\t\t\n\t\t\t\t\t\t\t\t\t<div class=\"xts-section-desc\">\n\t\t\t\t\t\t<div class=\"xts-section-desc-text xts-reset-all-last\" data-elementor-setting-key=\"description\">\n\t\t\t\t\t\t\t<p><strong><em>\"U\u00e7tan Uca Anahtar Teslimi \u00c7\u00f6z\u00fcmler\"<\/em><\/strong><br \/>Konsept a\u015famas\u0131ndan teslimata kadar projenizin eksiksiz y\u00f6netimi, sorunsuz ve stressiz bir deneyim sa\u011flar.<\/p><p><strong><em>\"Deneyimli \u015eirket \u0130\u00e7i Ekip\"<\/em><\/strong><br \/>T\u00fcm tasar\u0131m, \u00fcretim, lojistik, montaj ve demontaj s\u00fcre\u00e7leri, alt y\u00fckleniciler olmadan, \u00f6zel profesyonel ekibimiz taraf\u0131ndan y\u00fcr\u00fct\u00fcl\u00fcr.<\/p><p><strong><em>\"H\u0131zl\u0131 ve \u015eeffaf \u0130leti\u015fim\"<\/em><\/strong><br \/>Her a\u015famada h\u0131zl\u0131 yan\u0131tlar ve net geri bildirimler, gecikme olmadan bilin\u00e7li kararlar alman\u0131za yard\u0131mc\u0131 olur.<\/p><p><strong><em>\"Verimli ve Yap\u0131land\u0131r\u0131lm\u0131\u015f \u0130\u015f Ak\u0131\u015f\u0131\"<\/em><\/strong><br \/>Karma\u015f\u0131kl\u0131\u011f\u0131 basitle\u015ftiren ve de\u011ferli zaman kazand\u0131ran, iyi organize edilmi\u015f sistemler ve modern s\u00fcre\u00e7ler.<\/p><p><strong><em>\"Tutarl\u0131 Kalite ve Maliyet Kontrol\u00fc\"<\/em><\/strong><br \/>Tamamen \u015firket i\u00e7i uygulama, zaman ve b\u00fct\u00e7eyi optimize ederken y\u00fcksek kalite standartlar\u0131n\u0131 korumam\u0131z\u0131 sa\u011flar.<\/p><p><strong><em>\"G\u00fcvenilir Ortakl\u0131k\"<\/em><\/strong><br \/>Uzun vadeli i\u015fbirli\u011fi, g\u00fcven ve m\u00fc\u015fteri memnuniyetine odaklanan \u00e7\u00f6z\u00fcm odakl\u0131 bir yakla\u015f\u0131m.<\/p><p><strong><em>\"Esnek Proje Deste\u011fi\"<\/em><\/strong><br \/>Hedeflerinize ve marka vizyonunuza g\u00f6re uyarlanm\u0131\u015f, hem yeni projeler hem de stand yenilemeleri i\u00e7in idealdir.<\/p>\t\t\t\t\t\t<\/div>\n\t\t\t\t\t<\/div>\n\t\t\t\t\t\t\t<\/div>\n\t\t\t\t\t\t<\/div>\n\t\t\t\t<\/div>\n\t\t\t\t<div class=\"elementor-element elementor-element-0fee961 elementor-widget elementor-widget-spacer\" data-id=\"0fee961\" data-element_type=\"widget\" data-e-type=\"widget\" data-widget_type=\"spacer.default\">\n\t\t\t\t<div class=\"elementor-widget-container\">\n\t\t\t\t\t\t\t<div class=\"elementor-spacer\">\n\t\t\t<div class=\"elementor-spacer-inner\"><\/div>\n\t\t<\/div>\n\t\t\t\t\t\t<\/div>\n\t\t\t\t<\/div>\n\t\t\t\t\t<\/div>\n\t\t<\/div>\n\t\t\t\t<div class=\"elementor-column elementor-col-16 elementor-top-column elementor-element elementor-element-7029d06\" data-id=\"7029d06\" data-element_type=\"column\" data-e-type=\"column\">\n\t\t\t<div class=\"elementor-widget-wrap\">\n\t\t\t\t\t\t\t<\/div>\n\t\t<\/div>\n\t\t\t\t\t<\/div>\n\t\t<\/section>\n\t\t\t\t<\/div>","protected":false},"excerpt":{"rendered":"<p>Hakk\u0131m\u0131zda Stand &amp; Art Bau, stand yap\u0131m\u0131nda \u00f6nde gelen isimlerden biridir ve d\u00fcnya \u00e7ap\u0131nda y\u00fczlerce memnun m\u00fc\u015fteri taraf\u0131ndan g\u00fcvenilmektedir. Yarat\u0131c\u0131 tasar\u0131m\u0131n\u0131 y\u00fcksek kaliteli \u00fcretimle birle\u015ftirerek vizyonunuzu hayata ge\u00e7iriyoruz. Uzman ekibimiz, ilk ad\u0131mdan itibaren sizinle yak\u0131n i\u015fbirli\u011fi i\u00e7inde \u00e7al\u0131\u015f\u0131r; ihtiya\u00e7lar\u0131n\u0131z\u0131, hedeflerinizi ve stand\u0131n\u0131z\u0131n anlatmas\u0131n\u0131 istedi\u011finiz hikayeyi anlar. Her ayr\u0131nt\u0131 \u00f6zenle planlan\u0131r ve uygulan\u0131r, b\u00f6ylece fuar ba\u015flamadan [&hellip;]<\/p>\n","protected":false},"author":5,"featured_media":0,"parent":0,"menu_order":0,"comment_status":"closed","ping_status":"closed","template":"","meta":{"footnotes":""},"class_list":["post-18","page","type-page","status-publish","hentry"],"yoast_head":"<!-- This site is optimized with the Yoast SEO plugin v27.4 - https:\/\/yoast.com\/product\/yoast-seo-wordpress\/ -->\n<title>Hakk\u0131m\u0131zda - Stand &amp; Art Bau<\/title>\n<meta name=\"robots\" content=\"index, follow, max-snippet:-1, max-image-preview:large, max-video-preview:-1\" \/>\n<link rel=\"canonical\" href=\"https:\/\/www.standandartbau.com\/es\/hakkimizda\/\" \/>\n<meta property=\"og:locale\" content=\"es_ES\" \/>\n<meta property=\"og:type\" content=\"article\" \/>\n<meta property=\"og:title\" content=\"Hakk\u0131m\u0131zda - Stand &amp; Art Bau\" \/>\n<meta property=\"og:description\" content=\"Hakk\u0131m\u0131zda Stand &amp; Art Bau, stand yap\u0131m\u0131nda \u00f6nde gelen isimlerden biridir ve d\u00fcnya \u00e7ap\u0131nda y\u00fczlerce memnun m\u00fc\u015fteri taraf\u0131ndan g\u00fcvenilmektedir. Yarat\u0131c\u0131 tasar\u0131m\u0131n\u0131 y\u00fcksek kaliteli \u00fcretimle birle\u015ftirerek vizyonunuzu hayata ge\u00e7iriyoruz. Uzman ekibimiz, ilk ad\u0131mdan itibaren sizinle yak\u0131n i\u015fbirli\u011fi i\u00e7inde \u00e7al\u0131\u015f\u0131r; ihtiya\u00e7lar\u0131n\u0131z\u0131, hedeflerinizi ve stand\u0131n\u0131z\u0131n anlatmas\u0131n\u0131 istedi\u011finiz hikayeyi anlar. Her ayr\u0131nt\u0131 \u00f6zenle planlan\u0131r ve uygulan\u0131r, b\u00f6ylece fuar ba\u015flamadan [&hellip;]\" \/>\n<meta property=\"og:url\" content=\"https:\/\/www.standandartbau.com\/es\/hakkimizda\/\" \/>\n<meta property=\"og:site_name\" content=\"Stand &amp; Art Bau\" \/>\n<meta property=\"article:modified_time\" content=\"2026-01-14T07:15:34+00:00\" \/>\n<meta property=\"og:image\" content=\"https:\/\/www.standandartbau.com\/wp-content\/uploads\/standandartbau-logo.png\" \/>\n\t<meta property=\"og:image:width\" content=\"2237\" \/>\n\t<meta property=\"og:image:height\" content=\"857\" \/>\n\t<meta property=\"og:image:type\" content=\"image\/png\" \/>\n<meta name=\"twitter:card\" content=\"summary_large_image\" \/>\n<meta name=\"twitter:label1\" content=\"Tiempo de lectura\" \/>\n\t<meta name=\"twitter:data1\" content=\"2 minutos\" \/>\n<script type=\"application\/ld+json\" class=\"yoast-schema-graph\">{\"@context\":\"https:\\\/\\\/schema.org\",\"@graph\":[{\"@type\":\"WebPage\",\"@id\":\"https:\\\/\\\/www.standandartbau.com\\\/hakkimizda\\\/\",\"url\":\"https:\\\/\\\/www.standandartbau.com\\\/hakkimizda\\\/\",\"name\":\"Hakk\u0131m\u0131zda - Stand &amp; Art Bau\",\"isPartOf\":{\"@id\":\"https:\\\/\\\/www.standandartbau.com\\\/#website\"},\"primaryImageOfPage\":{\"@id\":\"https:\\\/\\\/www.standandartbau.com\\\/hakkimizda\\\/#primaryimage\"},\"image\":{\"@id\":\"https:\\\/\\\/www.standandartbau.com\\\/hakkimizda\\\/#primaryimage\"},\"thumbnailUrl\":\"https:\\\/\\\/www.standandartbau.com\\\/wp-content\\\/uploads\\\/standandartbau-logo.png\",\"datePublished\":\"2019-07-04T10:58:14+00:00\",\"dateModified\":\"2026-01-14T07:15:34+00:00\",\"breadcrumb\":{\"@id\":\"https:\\\/\\\/www.standandartbau.com\\\/hakkimizda\\\/#breadcrumb\"},\"inLanguage\":\"es\",\"potentialAction\":[{\"@type\":\"ReadAction\",\"target\":[\"https:\\\/\\\/www.standandartbau.com\\\/hakkimizda\\\/\"]}]},{\"@type\":\"ImageObject\",\"inLanguage\":\"es\",\"@id\":\"https:\\\/\\\/www.standandartbau.com\\\/hakkimizda\\\/#primaryimage\",\"url\":\"https:\\\/\\\/www.standandartbau.com\\\/wp-content\\\/uploads\\\/standandartbau-logo.png\",\"contentUrl\":\"https:\\\/\\\/www.standandartbau.com\\\/wp-content\\\/uploads\\\/standandartbau-logo.png\"},{\"@type\":\"BreadcrumbList\",\"@id\":\"https:\\\/\\\/www.standandartbau.com\\\/hakkimizda\\\/#breadcrumb\",\"itemListElement\":[{\"@type\":\"ListItem\",\"position\":1,\"name\":\"Home\",\"item\":\"https:\\\/\\\/www.standandartbau.com\\\/\"},{\"@type\":\"ListItem\",\"position\":2,\"name\":\"Hakk\u0131m\u0131zda\"}]},{\"@type\":\"WebSite\",\"@id\":\"https:\\\/\\\/www.standandartbau.com\\\/#website\",\"url\":\"https:\\\/\\\/www.standandartbau.com\\\/\",\"name\":\"Stand &amp; Art Bau\",\"description\":\"Stand, Outdoor Stand, Wooden Stand, Modular Stand, Hybrid Stand\",\"potentialAction\":[{\"@type\":\"SearchAction\",\"target\":{\"@type\":\"EntryPoint\",\"urlTemplate\":\"https:\\\/\\\/www.standandartbau.com\\\/?s={search_term_string}\"},\"query-input\":{\"@type\":\"PropertyValueSpecification\",\"valueRequired\":true,\"valueName\":\"search_term_string\"}}],\"inLanguage\":\"es\"}]}<\/script>\n<!-- \/ Yoast SEO plugin. -->","yoast_head_json":{"title":"Hakk\u0131m\u0131zda - Stand &amp; Art Bau","robots":{"index":"index","follow":"follow","max-snippet":"max-snippet:-1","max-image-preview":"max-image-preview:large","max-video-preview":"max-video-preview:-1"},"canonical":"https:\/\/www.standandartbau.com\/es\/hakkimizda\/","og_locale":"es_ES","og_type":"article","og_title":"Hakk\u0131m\u0131zda - Stand &amp; Art Bau","og_description":"Hakk\u0131m\u0131zda Stand &amp; Art Bau, stand yap\u0131m\u0131nda \u00f6nde gelen isimlerden biridir ve d\u00fcnya \u00e7ap\u0131nda y\u00fczlerce memnun m\u00fc\u015fteri taraf\u0131ndan g\u00fcvenilmektedir. Yarat\u0131c\u0131 tasar\u0131m\u0131n\u0131 y\u00fcksek kaliteli \u00fcretimle birle\u015ftirerek vizyonunuzu hayata ge\u00e7iriyoruz. Uzman ekibimiz, ilk ad\u0131mdan itibaren sizinle yak\u0131n i\u015fbirli\u011fi i\u00e7inde \u00e7al\u0131\u015f\u0131r; ihtiya\u00e7lar\u0131n\u0131z\u0131, hedeflerinizi ve stand\u0131n\u0131z\u0131n anlatmas\u0131n\u0131 istedi\u011finiz hikayeyi anlar. Her ayr\u0131nt\u0131 \u00f6zenle planlan\u0131r ve uygulan\u0131r, b\u00f6ylece fuar ba\u015flamadan [&hellip;]","og_url":"https:\/\/www.standandartbau.com\/es\/hakkimizda\/","og_site_name":"Stand &amp; Art Bau","article_modified_time":"2026-01-14T07:15:34+00:00","og_image":[{"width":2237,"height":857,"url":"https:\/\/www.standandartbau.com\/wp-content\/uploads\/standandartbau-logo.png","type":"image\/png"}],"twitter_card":"summary_large_image","twitter_misc":{"Tiempo de lectura":"2 minutos"},"schema":{"@context":"https:\/\/schema.org","@graph":[{"@type":"WebPage","@id":"https:\/\/www.standandartbau.com\/hakkimizda\/","url":"https:\/\/www.standandartbau.com\/hakkimizda\/","name":"Hakk\u0131m\u0131zda - Stand &amp; Art Bau","isPartOf":{"@id":"https:\/\/www.standandartbau.com\/#website"},"primaryImageOfPage":{"@id":"https:\/\/www.standandartbau.com\/hakkimizda\/#primaryimage"},"image":{"@id":"https:\/\/www.standandartbau.com\/hakkimizda\/#primaryimage"},"thumbnailUrl":"https:\/\/www.standandartbau.com\/wp-content\/uploads\/standandartbau-logo.png","datePublished":"2019-07-04T10:58:14+00:00","dateModified":"2026-01-14T07:15:34+00:00","breadcrumb":{"@id":"https:\/\/www.standandartbau.com\/hakkimizda\/#breadcrumb"},"inLanguage":"es","potentialAction":[{"@type":"ReadAction","target":["https:\/\/www.standandartbau.com\/hakkimizda\/"]}]},{"@type":"ImageObject","inLanguage":"es","@id":"https:\/\/www.standandartbau.com\/hakkimizda\/#primaryimage","url":"https:\/\/www.standandartbau.com\/wp-content\/uploads\/standandartbau-logo.png","contentUrl":"https:\/\/www.standandartbau.com\/wp-content\/uploads\/standandartbau-logo.png"},{"@type":"BreadcrumbList","@id":"https:\/\/www.standandartbau.com\/hakkimizda\/#breadcrumb","itemListElement":[{"@type":"ListItem","position":1,"name":"Home","item":"https:\/\/www.standandartbau.com\/"},{"@type":"ListItem","position":2,"name":"Hakk\u0131m\u0131zda"}]},{"@type":"WebSite","@id":"https:\/\/www.standandartbau.com\/#website","url":"https:\/\/www.standandartbau.com\/","name":"Stand y arte Bau","description":"Stand, Outdoor Stand, Wooden Stand, Modular Stand, Hybrid Stand","potentialAction":[{"@type":"SearchAction","target":{"@type":"EntryPoint","urlTemplate":"https:\/\/www.standandartbau.com\/?s={search_term_string}"},"query-input":{"@type":"PropertyValueSpecification","valueRequired":true,"valueName":"search_term_string"}}],"inLanguage":"es"}]}},"_links":{"self":[{"href":"https:\/\/www.standandartbau.com\/es\/wp-json\/wp\/v2\/pages\/18","targetHints":{"allow":["GET"]}}],"collection":[{"href":"https:\/\/www.standandartbau.com\/es\/wp-json\/wp\/v2\/pages"}],"about":[{"href":"https:\/\/www.standandartbau.com\/es\/wp-json\/wp\/v2\/types\/page"}],"author":[{"embeddable":true,"href":"https:\/\/www.standandartbau.com\/es\/wp-json\/wp\/v2\/users\/5"}],"replies":[{"embeddable":true,"href":"https:\/\/www.standandartbau.com\/es\/wp-json\/wp\/v2\/comments?post=18"}],"version-history":[{"count":93,"href":"https:\/\/www.standandartbau.com\/es\/wp-json\/wp\/v2\/pages\/18\/revisions"}],"predecessor-version":[{"id":5919,"href":"https:\/\/www.standandartbau.com\/es\/wp-json\/wp\/v2\/pages\/18\/revisions\/5919"}],"wp:attachment":[{"href":"https:\/\/www.standandartbau.com\/es\/wp-json\/wp\/v2\/media?parent=18"}],"curies":[{"name":"wp","href":"https:\/\/api.w.org\/{rel}","templated":true}]}}